{"id":3,"date":"2024-05-17T10:50:29","date_gmt":"2024-05-17T08:50:29","guid":{"rendered":"http:\/\/pharmacie-quevauvillers.fr\/?page_id=3"},"modified":"2024-11-26T15:03:02","modified_gmt":"2024-11-26T14:03:02","slug":"politique-de-confidentialite","status":"publish","type":"page","link":"https:\/\/www.pharmacie-grandronchin.fr\/?page_id=3","title":{"rendered":"Politique de confidentialit\u00e9"},"content":{"rendered":"[et_pb_section fb_built=\u00a0\u00bb1&Prime; admin_label=\u00a0\u00bbsection\u00a0\u00bb _builder_version=\u00a0\u00bb4.16&Prime; global_colors_info=\u00a0\u00bb{}\u00a0\u00bb][et_pb_row admin_label=\u00a0\u00bbrow\u00a0\u00bb _builder_version=\u00a0\u00bb4.16&Prime; background_size=\u00a0\u00bbinitial\u00a0\u00bb background_position=\u00a0\u00bbtop_left\u00a0\u00bb background_repeat=\u00a0\u00bbrepeat\u00a0\u00bb global_colors_info=\u00a0\u00bb{}\u00a0\u00bb][et_pb_column type=\u00a0\u00bb4_4&Prime; _builder_version=\u00a0\u00bb4.16&Prime; custom_padding=\u00a0\u00bb|||\u00a0\u00bb global_colors_info=\u00a0\u00bb{}\u00a0\u00bb custom_padding__hover=\u00a0\u00bb|||\u00a0\u00bb][et_pb_text admin_label=\u00a0\u00bbText\u00a0\u00bb _builder_version=\u00a0\u00bb4.16&Prime; background_size=\u00a0\u00bbinitial\u00a0\u00bb background_position=\u00a0\u00bbtop_left\u00a0\u00bb background_repeat=\u00a0\u00bbrepeat\u00a0\u00bb global_colors_info=\u00a0\u00bb{}\u00a0\u00bb]<p><\/p>\n<h1 class=\"wp-block-heading\">Mentions L\u00e9gales<\/h1>\n<h3>\u00c9diteur du site :<\/h3>\n<p>Nom de la pharmacie : Pharmacie du Grand Ronchin \u00a0<br \/>Adresse : <span class=\"OYPEnA text-decoration-none text-strikethrough-none\">33 Place de la R\u00e9publique <\/span><span class=\"OYPEnA text-decoration-none text-strikethrough-none\">59790, Ronchin<\/span> <br \/>T\u00e9l\u00e9phone : <span>03 20 53 21 50<\/span><br \/>Email : <span>\u00a0pharmacie.grandronchin@gmail.com<\/span> <br \/>Num\u00e9ro d\u2019inscription au registre du commerce et des soci\u00e9t\u00e9s (RCS) : <span>Lille Metropole D 898 471 958<\/span>\u00a0<br \/>Num\u00e9ro SIRET : 89847195800014\u00a0<br \/>Num\u00e9ro de TVA intracommunautaire : FR62898471958<\/p>\n<h3>Directeur de la publication :<\/h3>\n<p>Nom : Christophe DUSUEL <br \/>Email : cdu@mypharmacy.fr<\/p>\n<h3>H\u00e9bergeur du site :<\/h3>\n<p>Nom de l\u2019h\u00e9bergeur : OVH <br \/>Adresse : 2, rue Kellermann, 59100 Roubaix <br \/>T\u00e9l\u00e9phone : 09 72 10 10 07<\/p>\n<h3>Propri\u00e9t\u00e9 intellectuelle :<\/h3>\n<p>L&rsquo;ensemble du contenu du site <a href=\"http:\/\/www.pharmacie-grandronchin.fr\">www.pharmacie-grandronchin.fr<\/a> (textes, images, logos, vid\u00e9os, etc.) est la propri\u00e9t\u00e9 exclusive de Pineapple Group ou de ses partenaires. Toute reproduction, repr\u00e9sentation, modification, publication, adaptation de tout ou partie des \u00e9l\u00e9ments du site, quel que soit le moyen ou le proc\u00e9d\u00e9 utilis\u00e9, est interdite, sauf autorisation \u00e9crite pr\u00e9alable de Pineapple Group.<\/p>\n<h3>Protection des donn\u00e9es personnelles :<\/h3>\n<p>Conform\u00e9ment \u00e0 la loi Informatique et Libert\u00e9s du 6 janvier 1978 modifi\u00e9e et au R\u00e8glement G\u00e9n\u00e9ral sur la Protection des Donn\u00e9es (RGPD) du 27 avril 2016, vous disposez d\u2019un droit d\u2019acc\u00e8s, de rectification, de suppression et d\u2019opposition aux donn\u00e9es personnelles vous concernant. Vous pouvez exercer ce droit en nous contactant \u00e0 l\u2019adresse suivante : cdu@mypharmacy.fr.<\/p>\n<h3>Utilisation des cookies :<\/h3>\n<p>Le site <a href=\"http:\/\/www.pharmacie-grandronchin.fr\">www.pharmacie-grandronchin.fr<\/a> utilise des cookies pour am\u00e9liorer votre exp\u00e9rience de navigation et pour analyser l\u2019utilisation du site.<\/p>\n<h3>Responsabilit\u00e9 :<\/h3>\n<p>Pharmacie du Grand Ronchin et Pineapple Group s\u2019efforcent d\u2019assurer au mieux l\u2019exactitude et la mise \u00e0 jour des informations diffus\u00e9es sur ce site. Toutefois, la pharmacie ne peut garantir l\u2019exactitude, la pr\u00e9cision ou l\u2019exhaustivit\u00e9 des informations mises \u00e0 disposition sur ce site.<\/p>\n<p>En cons\u00e9quence, la pharmacie d\u00e9cline toute responsabilit\u00e9 pour toute impr\u00e9cision, inexactitude ou omission portant sur des informations disponibles sur ce site. Les informations fournies sur ce site le sont \u00e0 titre purement informatif et ne sauraient en aucun cas engager la responsabilit\u00e9 de la pharmacie.<\/p>\n<h3>Liens hypertextes :<\/h3>\n<p>Le site <a href=\"http:\/\/www.pharmacie-grandronchin.fr\">www.pharmacie-grandronchin.fr<\/a> peut contenir des liens hypertextes vers d&rsquo;autres sites. La pharmacie du Grand Ronchin ne peut \u00eatre tenue responsable du contenu de ces sites et des \u00e9ventuels dommages r\u00e9sultant de la navigation sur ces sites.<\/p>\n<h3>Modification des mentions l\u00e9gales :<\/h3>\n<p>La pharmacie du Grand Ronchin se r\u00e9serve le droit de modifier les pr\u00e9sentes mentions l\u00e9gales \u00e0 tout moment. Il est donc conseill\u00e9 de consulter r\u00e9guli\u00e8rement cette page pour prendre connaissance des \u00e9ventuelles modifications.<\/p>\n<h3>Contact :<\/h3>\n<p>Pour toute question relative aux mentions l\u00e9gales du site, vous pouvez nous contacter \u00e0 l\u2019adresse suivante : cdu@mypharmacy.fr.<\/p>\n<h2>Qui sommes-nous ?<\/h2>\n<p>L\u2019adresse de notre site est : <a href=\"http:\/\/www.pharmacie-grandronchin.fr\">www.pharmacie-grandronchin.fr<\/a><\/p>\n<h3>Commentaires<\/h3>\n<p>Quand vous laissez un commentaire sur notre site, les donn\u00e9es inscrites dans le formulaire de commentaire, ainsi que votre adresse IP et l\u2019agent utilisateur de votre navigateur sont collect\u00e9s pour nous aider \u00e0 la d\u00e9tection des commentaires ind\u00e9sirables.<\/p>\n<p>Une cha\u00eene anonymis\u00e9e cr\u00e9\u00e9e \u00e0 partir de votre adresse e-mail (\u00e9galement appel\u00e9e hash) peut \u00eatre envoy\u00e9e au service Gravatar pour v\u00e9rifier si vous utilisez ce dernier. Les clauses de confidentialit\u00e9 du service Gravatar sont disponibles ici : https:\/\/automattic.com\/privacy\/. Apr\u00e8s validation de votre commentaire, votre photo de profil sera visible publiquement \u00e0 c\u00f4t\u00e9 de votre commentaire.<\/p>\n<h3>M\u00e9dias<\/h3>\n<p>Si vous t\u00e9l\u00e9versez des images sur le site, nous vous conseillons d\u2019\u00e9viter de t\u00e9l\u00e9verser des images contenant des donn\u00e9es EXIF de coordonn\u00e9es GPS. Les personnes visitant votre site peuvent t\u00e9l\u00e9charger et extraire des donn\u00e9es de localisation depuis ces images.<\/p>\n<h3>Cookies<\/h3>\n<p>Si vous d\u00e9posez un commentaire sur notre site, il vous sera propos\u00e9 d\u2019enregistrer votre nom, adresse e-mail et site dans des cookies. C\u2019est uniquement pour votre confort afin de ne pas avoir \u00e0 saisir ces informations si vous d\u00e9posez un autre commentaire plus tard. Ces cookies expirent au bout d\u2019un an.<\/p>\n<p>Si vous vous rendez sur la page de connexion, un cookie temporaire sera cr\u00e9\u00e9 afin de d\u00e9terminer si votre navigateur accepte les cookies. Il ne contient pas de donn\u00e9es personnelles et sera supprim\u00e9 automatiquement \u00e0 la fermeture de votre navigateur.<\/p>\n<p>Lorsque vous vous connecterez, nous mettrons en place un certain nombre de cookies pour enregistrer vos informations de connexion et vos pr\u00e9f\u00e9rences d\u2019\u00e9cran. La dur\u00e9e de vie d\u2019un cookie de connexion est de deux jours, celle d\u2019un cookie d\u2019option d\u2019\u00e9cran est d\u2019un an. Si vous cochez \u00ab Se souvenir de moi \u00bb, votre cookie de connexion sera conserv\u00e9 pendant deux semaines. Si vous vous d\u00e9connectez de votre compte, le cookie de connexion sera effac\u00e9.<\/p>\n<p>En modifiant ou en publiant une publication, un cookie suppl\u00e9mentaire sera enregistr\u00e9 dans votre navigateur. Ce cookie ne comprend aucune donn\u00e9e personnelle. Il indique simplement l\u2019ID de la publication que vous venez de modifier. Il expire au bout d\u2019un jour.<\/p>\n<h3>Contenu embarqu\u00e9 depuis d\u2019autres sites<\/h3>\n<p>Les articles de ce site peuvent inclure des contenus int\u00e9gr\u00e9s (par exemple des vid\u00e9os, images, articles\u2026). Le contenu int\u00e9gr\u00e9 depuis d\u2019autres sites se comporte de la m\u00eame mani\u00e8re que si le visiteur se rendait sur cet autre site.<\/p>\n<p>Ces sites web pourraient collecter des donn\u00e9es sur vous, utiliser des cookies, embarquer des outils de suivis tiers, suivre vos interactions avec ces contenus embarqu\u00e9s si vous disposez d\u2019un compte connect\u00e9 sur leur site web.<\/p>\n<h3>Utilisation et transmission de vos donn\u00e9es personnelles<\/h3>\n<p>Si vous demandez une r\u00e9initialisation de votre mot de passe, votre adresse IP sera incluse dans l\u2019e-mail de r\u00e9initialisation.<\/p>\n<h3>Dur\u00e9es de stockage de vos donn\u00e9es<\/h3>\n<p>Si vous laissez un commentaire, le commentaire et ses m\u00e9tadonn\u00e9es sont conserv\u00e9s ind\u00e9finiment. Cela permet de reconna\u00eetre et approuver automatiquement les commentaires suivants au lieu de les laisser dans la file de mod\u00e9ration.<\/p>\n<p>Pour les comptes qui s\u2019inscrivent sur notre site (le cas \u00e9ch\u00e9ant), nous stockons \u00e9galement les donn\u00e9es personnelles indiqu\u00e9es dans leur profil. Tous les comptes peuvent voir, modifier ou supprimer leurs informations personnelles \u00e0 tout moment (\u00e0 l\u2019exception de leur identifiant). Les gestionnaires du site peuvent aussi voir et modifier ces informations.<\/p>\n<h3>Les droits que vous avez sur vos donn\u00e9es<\/h3>\n<p>Si vous avez un compte ou si vous avez laiss\u00e9 des commentaires sur le site, vous pouvez demander \u00e0 recevoir un fichier contenant toutes les donn\u00e9es personnelles que nous poss\u00e9dons \u00e0 votre sujet, incluant celles que vous nous avez fournies. Vous pouvez \u00e9galement demander la suppression des donn\u00e9es personnelles vous concernant. Cela ne prend pas en compte les donn\u00e9es stock\u00e9es \u00e0 des fins administratives, l\u00e9gales ou pour des raisons de s\u00e9curit\u00e9.<\/p>\n<h3>Transmission de vos donn\u00e9es personnelles<\/h3>\n<p>Les commentaires des visiteurs peuvent \u00eatre v\u00e9rifi\u00e9s \u00e0 l\u2019aide d\u2019un service automatis\u00e9 de d\u00e9tection des commentaires ind\u00e9sirables.<\/p>\n<p><\/p>\n[\/et_pb_text][\/et_pb_column][\/et_pb_row][\/et_pb_section]","protected":false},"excerpt":{"rendered":"<p>Mentions L\u00e9gales \u00c9diteur du site : Nom de la&#8230;<\/p>\n","protected":false},"author":1,"featured_media":0,"parent":0,"menu_order":0,"comment_status":"closed","ping_status":"open","template":"","meta":{"_et_pb_use_builder":"on","_et_pb_old_content":"<!-- wp:heading -->\r\n<h1>Mentions L\u00e9gales<\/h1>\r\n<h3>\u00c9diteur du site :<\/h3>\r\n<p>Nom de la pharmacie : Pharmacie de Quevauvillers <br \/>Adresse : 2 ter Chauss\u00e9e Thiers, 80170 Quevauvillers <br \/>T\u00e9l\u00e9phone : 03 22 80 36 50 <br \/>Email : ordo.quevau@gmail.com <br \/>Num\u00e9ro d\u2019inscription au registre du commerce et des soci\u00e9t\u00e9s (RCS) : 450 104 344 R.C.S. Amiens <br \/>Num\u00e9ro SIRET : 45010434400020 <br \/>Num\u00e9ro de TVA intracommunautaire : FR03450104344<\/p>\r\n<h3>Directeur de la publication :<\/h3>\r\n<p>Nom : Christophe DUSUEL <br \/>Email : cdu@mypharmacy.fr<\/p>\r\n<h3>H\u00e9bergeur du site :<\/h3>\r\n<p>Nom de l\u2019h\u00e9bergeur : OVH <br \/>Adresse : 2, rue Kellermann, 59100 Roubaix <br \/>T\u00e9l\u00e9phone : 09 72 10 10 07<\/p>\r\n<h3>Propri\u00e9t\u00e9 intellectuelle :<\/h3>\r\n<p>L'ensemble du contenu du site <a href=\"http:\/\/www.pharmacie-quevauvillers.fr\">www.pharmacie-quevauvillers.fr<\/a> (textes, images, logos, vid\u00e9os, etc.) est la propri\u00e9t\u00e9 exclusive de Pineapple Group ou de ses partenaires. Toute reproduction, repr\u00e9sentation, modification, publication, adaptation de tout ou partie des \u00e9l\u00e9ments du site, quel que soit le moyen ou le proc\u00e9d\u00e9 utilis\u00e9, est interdite, sauf autorisation \u00e9crite pr\u00e9alable de Pineapple Group.<\/p>\r\n<h3>Protection des donn\u00e9es personnelles :<\/h3>\r\n<p>Conform\u00e9ment \u00e0 la loi Informatique et Libert\u00e9s du 6 janvier 1978 modifi\u00e9e et au R\u00e8glement G\u00e9n\u00e9ral sur la Protection des Donn\u00e9es (RGPD) du 27 avril 2016, vous disposez d\u2019un droit d\u2019acc\u00e8s, de rectification, de suppression et d\u2019opposition aux donn\u00e9es personnelles vous concernant. Vous pouvez exercer ce droit en nous contactant \u00e0 l\u2019adresse suivante : cdu@mypharmacy.fr.<\/p>\r\n<h3>Utilisation des cookies :<\/h3>\r\n<p>Le site <a href=\"http:\/\/www.pharmacie-quevauvillers.fr\">www.pharmacie-quevauvillers.fr<\/a> utilise des cookies pour am\u00e9liorer votre exp\u00e9rience de navigation et pour analyser l\u2019utilisation du site.<\/p>\r\n<h3>Responsabilit\u00e9 :<\/h3>\r\n<p>Pharmacie de Quevauvillers et Pineapple Group s\u2019efforcent d\u2019assurer au mieux l\u2019exactitude et la mise \u00e0 jour des informations diffus\u00e9es sur ce site. Toutefois, la pharmacie ne peut garantir l\u2019exactitude, la pr\u00e9cision ou l\u2019exhaustivit\u00e9 des informations mises \u00e0 disposition sur ce site.<\/p>\r\n<p>En cons\u00e9quence, la pharmacie d\u00e9cline toute responsabilit\u00e9 pour toute impr\u00e9cision, inexactitude ou omission portant sur des informations disponibles sur ce site. Les informations fournies sur ce site le sont \u00e0 titre purement informatif et ne sauraient en aucun cas engager la responsabilit\u00e9 de la pharmacie.<\/p>\r\n<h3>Liens hypertextes :<\/h3>\r\n<p>Le site <a href=\"http:\/\/www.pharmacie-quevauvillers.fr\">www.pharmacie-quevauvillers.fr<\/a> peut contenir des liens hypertextes vers d'autres sites. La pharmacie de Quevauvillers ne peut \u00eatre tenue responsable du contenu de ces sites et des \u00e9ventuels dommages r\u00e9sultant de la navigation sur ces sites.<\/p>\r\n<h3>Modification des mentions l\u00e9gales :<\/h3>\r\n<p>La pharmacie de Quevauvillers se r\u00e9serve le droit de modifier les pr\u00e9sentes mentions l\u00e9gales \u00e0 tout moment. Il est donc conseill\u00e9 de consulter r\u00e9guli\u00e8rement cette page pour prendre connaissance des \u00e9ventuelles modifications.<\/p>\r\n<h3>Contact :<\/h3>\r\n<p>Pour toute question relative aux mentions l\u00e9gales du site, vous pouvez nous contacter \u00e0 l\u2019adresse suivante : cdu@mypharmacy.fr.<\/p>\r\n<h2>Qui sommes-nous ?<\/h2>\r\n<p>L\u2019adresse de notre site est : <a href=\"http:\/\/www.pharmacie-quevauvillers.fr\">www.pharmacie-quevauvillers.fr<\/a><\/p>\r\n<h3>Commentaires<\/h3>\r\n<p>Quand vous laissez un commentaire sur notre site, les donn\u00e9es inscrites dans le formulaire de commentaire, ainsi que votre adresse IP et l\u2019agent utilisateur de votre navigateur sont collect\u00e9s pour nous aider \u00e0 la d\u00e9tection des commentaires ind\u00e9sirables.<\/p>\r\n<p>Une cha\u00eene anonymis\u00e9e cr\u00e9\u00e9e \u00e0 partir de votre adresse e-mail (\u00e9galement appel\u00e9e hash) peut \u00eatre envoy\u00e9e au service Gravatar pour v\u00e9rifier si vous utilisez ce dernier. Les clauses de confidentialit\u00e9 du service Gravatar sont disponibles ici : https:\/\/automattic.com\/privacy\/. Apr\u00e8s validation de votre commentaire, votre photo de profil sera visible publiquement \u00e0 c\u00f4t\u00e9 de votre commentaire.<\/p>\r\n<h3>M\u00e9dias<\/h3>\r\n<p>Si vous t\u00e9l\u00e9versez des images sur le site, nous vous conseillons d\u2019\u00e9viter de t\u00e9l\u00e9verser des images contenant des donn\u00e9es EXIF de coordonn\u00e9es GPS. Les personnes visitant votre site peuvent t\u00e9l\u00e9charger et extraire des donn\u00e9es de localisation depuis ces images.<\/p>\r\n<h3>Cookies<\/h3>\r\n<p>Si vous d\u00e9posez un commentaire sur notre site, il vous sera propos\u00e9 d\u2019enregistrer votre nom, adresse e-mail et site dans des cookies. C\u2019est uniquement pour votre confort afin de ne pas avoir \u00e0 saisir ces informations si vous d\u00e9posez un autre commentaire plus tard. Ces cookies expirent au bout d\u2019un an.<\/p>\r\n<p>Si vous vous rendez sur la page de connexion, un cookie temporaire sera cr\u00e9\u00e9 afin de d\u00e9terminer si votre navigateur accepte les cookies. Il ne contient pas de donn\u00e9es personnelles et sera supprim\u00e9 automatiquement \u00e0 la fermeture de votre navigateur.<\/p>\r\n<p>Lorsque vous vous connecterez, nous mettrons en place un certain nombre de cookies pour enregistrer vos informations de connexion et vos pr\u00e9f\u00e9rences d\u2019\u00e9cran. La dur\u00e9e de vie d\u2019un cookie de connexion est de deux jours, celle d\u2019un cookie d\u2019option d\u2019\u00e9cran est d\u2019un an. Si vous cochez \u00ab Se souvenir de moi \u00bb, votre cookie de connexion sera conserv\u00e9 pendant deux semaines. Si vous vous d\u00e9connectez de votre compte, le cookie de connexion sera effac\u00e9.<\/p>\r\n<p>En modifiant ou en publiant une publication, un cookie suppl\u00e9mentaire sera enregistr\u00e9 dans votre navigateur. Ce cookie ne comprend aucune donn\u00e9e personnelle. Il indique simplement l\u2019ID de la publication que vous venez de modifier. Il expire au bout d\u2019un jour.<\/p>\r\n<h3>Contenu embarqu\u00e9 depuis d\u2019autres sites<\/h3>\r\n<p>Les articles de ce site peuvent inclure des contenus int\u00e9gr\u00e9s (par exemple des vid\u00e9os, images, articles\u2026). Le contenu int\u00e9gr\u00e9 depuis d\u2019autres sites se comporte de la m\u00eame mani\u00e8re que si le visiteur se rendait sur cet autre site.<\/p>\r\n<p>Ces sites web pourraient collecter des donn\u00e9es sur vous, utiliser des cookies, embarquer des outils de suivis tiers, suivre vos interactions avec ces contenus embarqu\u00e9s si vous disposez d\u2019un compte connect\u00e9 sur leur site web.<\/p>\r\n<h3>Utilisation et transmission de vos donn\u00e9es personnelles<\/h3>\r\n<p>Si vous demandez une r\u00e9initialisation de votre mot de passe, votre adresse IP sera incluse dans l\u2019e-mail de r\u00e9initialisation.<\/p>\r\n<h3>Dur\u00e9es de stockage de vos donn\u00e9es<\/h3>\r\n<p>Si vous laissez un commentaire, le commentaire et ses m\u00e9tadonn\u00e9es sont conserv\u00e9s ind\u00e9finiment. Cela permet de reconna\u00eetre et approuver automatiquement les commentaires suivants au lieu de les laisser dans la file de mod\u00e9ration.<\/p>\r\n<p>Pour les comptes qui s\u2019inscrivent sur notre site (le cas \u00e9ch\u00e9ant), nous stockons \u00e9galement les donn\u00e9es personnelles indiqu\u00e9es dans leur profil. Tous les comptes peuvent voir, modifier ou supprimer leurs informations personnelles \u00e0 tout moment (\u00e0 l\u2019exception de leur identifiant). Les gestionnaires du site peuvent aussi voir et modifier ces informations.<\/p>\r\n<h3>Les droits que vous avez sur vos donn\u00e9es<\/h3>\r\n<p>Si vous avez un compte ou si vous avez laiss\u00e9 des commentaires sur le site, vous pouvez demander \u00e0 recevoir un fichier contenant toutes les donn\u00e9es personnelles que nous poss\u00e9dons \u00e0 votre sujet, incluant celles que vous nous avez fournies. Vous pouvez \u00e9galement demander la suppression des donn\u00e9es personnelles vous concernant. Cela ne prend pas en compte les donn\u00e9es stock\u00e9es \u00e0 des fins administratives, l\u00e9gales ou pour des raisons de s\u00e9curit\u00e9.<\/p>\r\n<h3>Transmission de vos donn\u00e9es personnelles<\/h3>\r\n<p>Les commentaires des visiteurs peuvent \u00eatre v\u00e9rifi\u00e9s \u00e0 l\u2019aide d\u2019un service automatis\u00e9 de d\u00e9tection des commentaires ind\u00e9sirables.<\/p>\r\n<!-- \/wp:paragraph -->","_et_gb_content_width":"","footnotes":""},"class_list":["post-3","page","type-page","status-publish","hentry"],"jetpack_sharing_enabled":true,"_links":{"self":[{"href":"https:\/\/www.pharmacie-grandronchin.fr\/index.php?rest_route=\/wp\/v2\/pages\/3","targetHints":{"allow":["GET"]}}],"collection":[{"href":"https:\/\/www.pharmacie-grandronchin.fr\/index.php?rest_route=\/wp\/v2\/pages"}],"about":[{"href":"https:\/\/www.pharmacie-grandronchin.fr\/index.php?rest_route=\/wp\/v2\/types\/page"}],"author":[{"embeddable":true,"href":"https:\/\/www.pharmacie-grandronchin.fr\/index.php?rest_route=\/wp\/v2\/users\/1"}],"replies":[{"embeddable":true,"href":"https:\/\/www.pharmacie-grandronchin.fr\/index.php?rest_route=%2Fwp%2Fv2%2Fcomments&post=3"}],"version-history":[{"count":3,"href":"https:\/\/www.pharmacie-grandronchin.fr\/index.php?rest_route=\/wp\/v2\/pages\/3\/revisions"}],"predecessor-version":[{"id":593,"href":"https:\/\/www.pharmacie-grandronchin.fr\/index.php?rest_route=\/wp\/v2\/pages\/3\/revisions\/593"}],"wp:attachment":[{"href":"https:\/\/www.pharmacie-grandronchin.fr\/index.php?rest_route=%2Fwp%2Fv2%2Fmedia&parent=3"}],"curies":[{"name":"wp","href":"https:\/\/api.w.org\/{rel}","templated":true}]}}